{"id":1298,"date":"2020-01-22T12:02:34","date_gmt":"2020-01-22T12:02:34","guid":{"rendered":"http:\/\/mscm.dev2.webkoenig.ch\/?page_id=1298"},"modified":"2020-01-22T12:02:34","modified_gmt":"2020-01-22T12:02:34","slug":"legal-notice","status":"publish","type":"page","link":"https:\/\/mscm.ch\/en\/legal-notice\/","title":{"rendered":"Legal Notice"},"content":{"rendered":"<div class=\"wpb-content-wrapper\">[vc_section el_class=&#8221;wk-section&#8221;][vc_row][vc_column][vc_column_text]\n<h1>Impressum<\/h1>\n[\/vc_column_text][\/vc_column][\/vc_row][vc_row el_class=&#8221;wk-row&#8221;][vc_column][vc_column_text]\n<h2>Kontaktadresse<\/h2>\n<p>Marion Schmid Change Management GmbH<br \/>\nSagenrainstrasse 10<br \/>\n8320 Fehraltorf<br \/>\nSchweiz<br \/>\nmarion.schmid@mscm.ch<br \/>\n+41 43 810 11 44[\/vc_column_text][\/vc_column][\/vc_row][vc_row el_class=&#8221;wk-row&#8221;][vc_column][vc_column_text]\n<h2>Vertretungsberechtigte Personen<\/h2>\n<p>Marion Schmid, Gesch\u00e4ftsleiterin[\/vc_column_text][\/vc_column][\/vc_row][vc_row el_class=&#8221;wk-row&#8221;][vc_column][vc_column_text]\n<h2>Vertretungsberechtigte Personen<\/h2>\n<p>Marion Schmid, Gesch\u00e4ftsleiterin[\/vc_column_text][\/vc_column][\/vc_row][vc_row el_class=&#8221;wk-row&#8221;][vc_column][vc_column_text]\n<h2>Haftungsausschluss<\/h2>\n<p>Der Autor \u00fcbernimmt keinerlei Gew\u00e4hr hinsichtlich der inhaltlichen Richtigkeit, Genauigkeit, Aktualit\u00e4t, Zuverl\u00e4ssigkeit und Vollst\u00e4ndigkeit der Informationen. Haftungsanspr\u00fcche gegen den Autor wegen Sch\u00e4den materieller oder immaterieller Art, welche aus dem Zugriff oder der Nutzung bzw. Nichtnutzung der ver\u00f6ffentlichten Informationen, durch Missbrauch der Verbindung oder durch technische St\u00f6rungen entstanden sind, werden ausgeschlossen. Alle Angebote sind unverbindlich. Der Autor beh\u00e4lt es sich ausdr\u00fccklich vor, Teile der Seiten oder das gesamte Angebot ohne gesonderte Ank\u00fcndigung zu ver\u00e4ndern, zu erg\u00e4nzen, zu l\u00f6schen oder die Ver\u00f6ffentlichung zeitweise oder endg\u00fcltig einzustellen.[\/vc_column_text][\/vc_column][\/vc_row][vc_row el_class=&#8221;wk-row&#8221;][vc_column][vc_column_text]\n<h2>Haftung f\u00fcr Links<\/h2>\n<p>Verweise und Links auf Webseiten Dritter liegen ausserhalb unseres Verantwortungsbereichs Es wird jegliche Verantwortung f\u00fcr solche Webseiten abgelehnt. Der Zugriff und die Nutzung solcher Webseiten erfolgen auf eigene Gefahr des Nutzers oder der Nutzerin.[\/vc_column_text][\/vc_column][\/vc_row][vc_row el_class=&#8221;wk-row&#8221;][vc_column][vc_column_text]\n<h2>Urheberrechte<\/h2>\n<p>Die Urheber- und alle anderen Rechte an Inhalten, Bildern, Fotos oder anderen Dateien auf der Website geh\u00f6ren ausschliesslich der Firma Marion Schmid Change Management GmbH oder den speziell genannten Rechtsinhabern. F\u00fcr die Reproduktion jeglicher Elemente ist die schriftliche Zustimmung der Urheberrechtstr\u00e4ger im Voraus einzuholen.[\/vc_column_text][\/vc_column][\/vc_row][vc_row el_class=&#8221;wk-row&#8221;][vc_column][vc_column_text]\n<h2>Quelle<\/h2>\n<p>Dieses Impressum wurde am 13.01.2020 mit dem Impressum Generator der Webdesign Agentur <a href=\"https:\/\/webkoenig.ch\/\" target=\"_blank\" rel=\"noopener noreferrer\">Webk\u00f6nig<\/a> erstellt. Die Agentur Webk\u00f6nig \u00fcbernimmt keine Haftung.[\/vc_column_text][\/vc_column][\/vc_row][\/vc_section][vc_section el_class=&#8221;wk-next-section&#8221;][vc_row el_class=&#8221;wk-row&#8221;][vc_column]<div class=\"templatera_shortcode\"><style type=\"text\/css\" data-type=\"vc_shortcodes-custom-css\">.vc_custom_1573125556593{margin-top: 32px !important;}<\/style><div class=\"vc_section wk-callout wpex-relative\"><div class=\"vc_row wpb_row vc_row-fluid vc_row-o-equal-height vc_row-flex wpex-relative\"><div class=\"wpb_column wk-row--custom-positioned-image vc_column_container vc_col-sm-3\"><div class=\"vc_column-inner\"><div class=\"wpb_wrapper\">\n\t<div  class=\"wpb_single_image wpb_content_element vc_align_ wpb_content_element\">\n\t\t\n\t\t<figure class=\"wpb_wrapper vc_figure\">\n\t\t\t<div class=\"vc_single_image-wrapper   vc_box_border_grey\"><img class=\"vc_single_image-img \" src=\"https:\/\/mscm.ch\/wp-content\/uploads\/2019\/06\/mscm_marion-schmid_2.jpg\" width=\"272\" height=\"272\" alt=\"mscm_marion-schmid_2\" title=\"mscm_marion-schmid_2\" loading=\"lazy\" \/><\/div>\n\t\t<\/figure>\n\t<\/div>\n<\/div><\/div><\/div><div class=\"wpb_column wk-row--green-bg vc_column_container vc_col-sm-9\"><div class=\"vc_column-inner\"><div class=\"wpb_wrapper\">\n\t<div class=\"wpb_text_column wpb_content_element\" >\n\t\t<div class=\"wpb_wrapper\">\n\t\t\t<h3>Den Wandel aktiv gestalten<\/h3>\n\n\t\t<\/div>\n\t<\/div>\n\n\t<div class=\"wpb_text_column wpb_content_element\" >\n\t\t<div class=\"wpb_wrapper\">\n\t\t\t<h2>Gemeinsam zu Topleistungen!<\/h2>\n\n\t\t<\/div>\n\t<\/div>\n\n\t<div class=\"wpb_text_column wpb_content_element wk-margin-top\" >\n\t\t<div class=\"wpb_wrapper\">\n\t\t\t<p>SCHMID CHANGE entwickelt individuelle und wirkungsvolle Change-Massnahmen und -Konzepte f\u00fcr Ihr Unternehmen und stellt die ganzheitliche und nachhaltige Umsetzung sicher.<\/p>\n<p>&nbsp;<\/p>\n<p><strong>Marion Schmid<\/strong><\/p>\n\n\t\t<\/div>\n\t<\/div>\n<style>.vcex-button.vcex_69e651f0a72de{font-weight:300;text-transform:uppercase;}.vcex-button.vcex_69e651f0a72de .theme-button-icon-right{padding-inline-start:20px;--wpex-btn-icon-animate-h:10px;}<\/style><div class=\"vc_custom_1573125556593 wpex-clr\"><a href=\"\/kontakt\/\" class=\"vcex-button theme-txt-link white medium wpex-inline-block inline wk-btn--plaintxt wk-btn btn-white vcex_69e651f0a72de\"><span class=\"vcex-button-inner theme-button-inner wpex-flex wpex-flex-wrap wpex-items-center wpex-justify-center\">Vereinbaren Sie einen Termin<\/span><\/a><\/div> <\/div><\/div><\/div><\/div><\/div><\/div>[\/vc_column][\/vc_row][\/vc_section]\n<\/div>","protected":false},"excerpt":{"rendered":"Impressum Kontaktadresse Marion Schmid Change Management GmbH Sagenrainstrasse 10 8320 Fehraltorf Schweiz marion.schmid@mscm.ch +41 43 810 11 44 Vertretungsberechtigte Personen Marion Schmid, Gesch\u00e4ftsleiterin Vertretungsberechtigte Personen Marion Schmid, Gesch\u00e4ftsleiterin Haftungsausschluss Der Autor \u00fcbernimmt keinerlei Gew\u00e4hr hinsichtlich der inhaltlichen Richtigkeit, Genauigkeit, Aktualit\u00e4t, Zuverl\u00e4ssigkeit und Vollst\u00e4ndigkeit der Informationen. Haftungsanspr\u00fcche gegen den Autor wegen Sch\u00e4den materieller oder immaterieller Art,&hellip;","protected":false},"author":1,"featured_media":0,"parent":0,"menu_order":0,"comment_status":"closed","ping_status":"closed","template":"","meta":{"footnotes":""},"class_list":["post-1298","page","type-page","status-publish","hentry","entry","no-media"],"yoast_head":"<!-- This site is optimized with the Yoast SEO plugin v26.6 - https:\/\/yoast.com\/wordpress\/plugins\/seo\/ -->\n<title>Legal Notice | Marion Schmid Change Management<\/title>\n<meta name=\"robots\" content=\"index, follow, max-snippet:-1, max-image-preview:large, max-video-preview:-1\" \/>\n<link rel=\"canonical\" href=\"https:\/\/mscm.ch\/en\/legal-notice\/\" \/>\n<meta property=\"og:locale\" content=\"en_US\" \/>\n<meta property=\"og:type\" content=\"article\" \/>\n<meta property=\"og:title\" content=\"Legal Notice | Marion Schmid Change Management\" \/>\n<meta property=\"og:url\" content=\"https:\/\/mscm.ch\/en\/legal-notice\/\" \/>\n<meta property=\"og:site_name\" content=\"Marion Schmid Change Management\" \/>\n<meta name=\"twitter:card\" content=\"summary_large_image\" \/>\n<meta name=\"twitter:label1\" content=\"Est. reading time\" \/>\n\t<meta name=\"twitter:data1\" content=\"2 minutes\" \/>\n<script type=\"application\/ld+json\" class=\"yoast-schema-graph\">{\"@context\":\"https:\/\/schema.org\",\"@graph\":[{\"@type\":\"WebPage\",\"@id\":\"https:\/\/mscm.ch\/en\/legal-notice\/\",\"url\":\"https:\/\/mscm.ch\/en\/legal-notice\/\",\"name\":\"Legal Notice | Marion Schmid Change Management\",\"isPartOf\":{\"@id\":\"https:\/\/mscm.ch\/#website\"},\"datePublished\":\"2020-01-22T12:02:34+00:00\",\"breadcrumb\":{\"@id\":\"https:\/\/mscm.ch\/en\/legal-notice\/#breadcrumb\"},\"inLanguage\":\"en-US\",\"potentialAction\":[{\"@type\":\"ReadAction\",\"target\":[\"https:\/\/mscm.ch\/en\/legal-notice\/\"]}]},{\"@type\":\"BreadcrumbList\",\"@id\":\"https:\/\/mscm.ch\/en\/legal-notice\/#breadcrumb\",\"itemListElement\":[{\"@type\":\"ListItem\",\"position\":1,\"name\":\"Startseite\",\"item\":\"https:\/\/mscm.ch\/en\/\"},{\"@type\":\"ListItem\",\"position\":2,\"name\":\"Legal Notice\"}]},{\"@type\":\"WebSite\",\"@id\":\"https:\/\/mscm.ch\/#website\",\"url\":\"https:\/\/mscm.ch\/\",\"name\":\"Marion Schmid Change Management\",\"description\":\"\",\"publisher\":{\"@id\":\"https:\/\/mscm.ch\/#organization\"},\"potentialAction\":[{\"@type\":\"SearchAction\",\"target\":{\"@type\":\"EntryPoint\",\"urlTemplate\":\"https:\/\/mscm.ch\/?s={search_term_string}\"},\"query-input\":{\"@type\":\"PropertyValueSpecification\",\"valueRequired\":true,\"valueName\":\"search_term_string\"}}],\"inLanguage\":\"en-US\"},{\"@type\":\"Organization\",\"@id\":\"https:\/\/mscm.ch\/#organization\",\"name\":\"Marion Schmid Change Management\",\"url\":\"https:\/\/mscm.ch\/\",\"logo\":{\"@type\":\"ImageObject\",\"inLanguage\":\"en-US\",\"@id\":\"https:\/\/mscm.ch\/#\/schema\/logo\/image\/\",\"url\":\"https:\/\/mscm.ch\/wp-content\/uploads\/2019\/06\/mscm-logo.svg\",\"contentUrl\":\"https:\/\/mscm.ch\/wp-content\/uploads\/2019\/06\/mscm-logo.svg\",\"caption\":\"Marion Schmid Change Management\"},\"image\":{\"@id\":\"https:\/\/mscm.ch\/#\/schema\/logo\/image\/\"}}]}<\/script>\n<!-- \/ Yoast SEO plugin. -->","yoast_head_json":{"title":"Legal Notice | Marion Schmid Change Management","robots":{"index":"index","follow":"follow","max-snippet":"max-snippet:-1","max-image-preview":"max-image-preview:large","max-video-preview":"max-video-preview:-1"},"canonical":"https:\/\/mscm.ch\/en\/legal-notice\/","og_locale":"en_US","og_type":"article","og_title":"Legal Notice | Marion Schmid Change Management","og_url":"https:\/\/mscm.ch\/en\/legal-notice\/","og_site_name":"Marion Schmid Change Management","twitter_card":"summary_large_image","twitter_misc":{"Est. reading time":"2 minutes"},"schema":{"@context":"https:\/\/schema.org","@graph":[{"@type":"WebPage","@id":"https:\/\/mscm.ch\/en\/legal-notice\/","url":"https:\/\/mscm.ch\/en\/legal-notice\/","name":"Legal Notice | Marion Schmid Change Management","isPartOf":{"@id":"https:\/\/mscm.ch\/#website"},"datePublished":"2020-01-22T12:02:34+00:00","breadcrumb":{"@id":"https:\/\/mscm.ch\/en\/legal-notice\/#breadcrumb"},"inLanguage":"en-US","potentialAction":[{"@type":"ReadAction","target":["https:\/\/mscm.ch\/en\/legal-notice\/"]}]},{"@type":"BreadcrumbList","@id":"https:\/\/mscm.ch\/en\/legal-notice\/#breadcrumb","itemListElement":[{"@type":"ListItem","position":1,"name":"Startseite","item":"https:\/\/mscm.ch\/en\/"},{"@type":"ListItem","position":2,"name":"Legal Notice"}]},{"@type":"WebSite","@id":"https:\/\/mscm.ch\/#website","url":"https:\/\/mscm.ch\/","name":"Marion Schmid Change Management","description":"","publisher":{"@id":"https:\/\/mscm.ch\/#organization"},"potentialAction":[{"@type":"SearchAction","target":{"@type":"EntryPoint","urlTemplate":"https:\/\/mscm.ch\/?s={search_term_string}"},"query-input":{"@type":"PropertyValueSpecification","valueRequired":true,"valueName":"search_term_string"}}],"inLanguage":"en-US"},{"@type":"Organization","@id":"https:\/\/mscm.ch\/#organization","name":"Marion Schmid Change Management","url":"https:\/\/mscm.ch\/","logo":{"@type":"ImageObject","inLanguage":"en-US","@id":"https:\/\/mscm.ch\/#\/schema\/logo\/image\/","url":"https:\/\/mscm.ch\/wp-content\/uploads\/2019\/06\/mscm-logo.svg","contentUrl":"https:\/\/mscm.ch\/wp-content\/uploads\/2019\/06\/mscm-logo.svg","caption":"Marion Schmid Change Management"},"image":{"@id":"https:\/\/mscm.ch\/#\/schema\/logo\/image\/"}}]}},"_links":{"self":[{"href":"https:\/\/mscm.ch\/en\/wp-json\/wp\/v2\/pages\/1298","targetHints":{"allow":["GET"]}}],"collection":[{"href":"https:\/\/mscm.ch\/en\/wp-json\/wp\/v2\/pages"}],"about":[{"href":"https:\/\/mscm.ch\/en\/wp-json\/wp\/v2\/types\/page"}],"author":[{"embeddable":true,"href":"https:\/\/mscm.ch\/en\/wp-json\/wp\/v2\/users\/1"}],"replies":[{"embeddable":true,"href":"https:\/\/mscm.ch\/en\/wp-json\/wp\/v2\/comments?post=1298"}],"version-history":[{"count":1,"href":"https:\/\/mscm.ch\/en\/wp-json\/wp\/v2\/pages\/1298\/revisions"}],"predecessor-version":[{"id":1299,"href":"https:\/\/mscm.ch\/en\/wp-json\/wp\/v2\/pages\/1298\/revisions\/1299"}],"wp:attachment":[{"href":"https:\/\/mscm.ch\/en\/wp-json\/wp\/v2\/media?parent=1298"}],"curies":[{"name":"wp","href":"https:\/\/api.w.org\/{rel}","templated":true}]}}